{"id":178,"date":"2024-11-09T17:45:19","date_gmt":"2024-11-09T14:45:19","guid":{"rendered":"https:\/\/ahmetsoker.com.tr\/?page_id=178"},"modified":"2025-01-08T14:25:16","modified_gmt":"2025-01-08T11:25:16","slug":"ozgecmis","status":"publish","type":"page","link":"https:\/\/ahmetsoker.com.tr\/index.php\/ozgecmis\/","title":{"rendered":"\u00d6zge\u00e7mi\u015f"},"content":{"rendered":"\n<p><\/p>\n\n\n\n<div class=\"wp-block-columns alignwide is-layout-flex wp-container-core-columns-is-layout-28f84493 wp-block-columns-is-layout-flex\">\n<div class=\"wp-block-column is-vertically-aligned-center is-layout-flow wp-block-column-is-layout-flow\">\n<figure class=\"wp-block-image aligncenter size-large\"><img loading=\"lazy\" decoding=\"async\" width=\"683\" height=\"1024\" src=\"https:\/\/ahmetsoker.com.tr\/wp-content\/uploads\/2025\/01\/DSC07528-683x1024.jpg\" alt=\"\" class=\"wp-image-306\" srcset=\"https:\/\/ahmetsoker.com.tr\/wp-content\/uploads\/2025\/01\/DSC07528-683x1024.jpg 683w, https:\/\/ahmetsoker.com.tr\/wp-content\/uploads\/2025\/01\/DSC07528-200x300.jpg 200w, https:\/\/ahmetsoker.com.tr\/wp-content\/uploads\/2025\/01\/DSC07528-768x1152.jpg 768w, https:\/\/ahmetsoker.com.tr\/wp-content\/uploads\/2025\/01\/DSC07528-1024x1536.jpg 1024w, https:\/\/ahmetsoker.com.tr\/wp-content\/uploads\/2025\/01\/DSC07528-rotated.jpg 1312w\" sizes=\"auto, (max-width: 683px) 100vw, 683px\" \/><\/figure>\n<\/div>\n\n\n\n<div class=\"wp-block-column is-layout-flow wp-block-column-is-layout-flow\">\n<p>1986 y\u0131l\u0131nda do\u011fan Ahmet S\u00f6ker, ilk ve orta \u00f6\u011frenimini Serik ve Antalya Merkez\u2019de bitirmi\u015f; lise e\u011fitimini yeniden Serik\u2019te alm\u0131\u015ft\u0131r. 2010 y\u0131l\u0131nda Anadolu \u00dcniversitesi \u0130\u015fletme Fak\u00fcltesi\u2019nden mezun olduktan sonra Arel \u00dcniversitesi\u2019nde \u0130\u015fletme Y\u00f6netimi alan\u0131nda y\u00fcksek lisans yapm\u0131\u015f ve 2021 y\u0131l\u0131nda Ni\u015fanta\u015f\u0131 \u00dcniversitesi Optisyenlik b\u00f6l\u00fcm\u00fcnden mezun olmu\u015ftur.<\/p>\n\n\n\n<p>Serik\/Belek b\u00f6lgesinde turizm sekt\u00f6r\u00fcnde ma\u011fazas\u0131 i\u015fletmecili\u011fi yapan Ahmet S\u00f6ker, ayn\u0131 zamanda Belek b\u00f6lgesinde muz ve tropik bitki \u00fcretimi \u00fczerine tar\u0131msal faaliyetlerde bulunmaktad\u0131r.<\/p>\n\n\n\n<p>Siyasi hayat\u0131na Cumhurba\u015fkan\u0131 Say\u0131n Recep Tayyip Erdo\u011fan liderli\u011findeki AK Parti \u00e7at\u0131s\u0131 alt\u0131nda ba\u015flayan Ahmet S\u00f6ker, 2014 y\u0131l\u0131nda Gen\u00e7lik Kollar\u0131 Ba\u015fkan Yard\u0131mc\u0131l\u0131\u011f\u0131 g\u00f6reviyle bu yola ad\u0131m atm\u0131\u015f, 2015 y\u0131l\u0131nda Siyaset Akademisini ba\u015far\u0131yla tamamlam\u0131\u015ft\u0131r.<br>2017 y\u0131l\u0131nda ana kademe il\u00e7e Ba\u015fkan yard\u0131mc\u0131l\u0131\u011f\u0131 g\u00f6revini yaparak siyasi \u00e7al\u0131\u015fmalar\u0131n\u0131 s\u00fcrd\u00fcrm\u00fc\u015ft\u00fcr. 2019 yerel se\u00e7imlerinde ise Se\u00e7im Koordinasyon Ba\u015fkanl\u0131\u011f\u0131 g\u00f6revinini ba\u015far\u0131 ile tamamlam\u0131\u015ft\u0131r.2021 y\u0131l\u0131nda AK Parti Antalya \u0130l Kongresinde il y\u00f6netim \u00dcyesi olarak se\u00e7ilmi\u015f ve bu s\u00fcre\u00e7te \u00e7e\u015fitli komisyonlarda ve g\u00fcndo\u011fmu\u015f il\u00e7esi koordinat\u00f6rl\u00fc\u011f\u00fc g\u00f6revlerini aktif olarak icra etmi\u015ftir. 2023 y\u0131l\u0131 Aral\u0131k ay\u0131nda AK Parti Serik \u0130l\u00e7e Ba\u015fkanl\u0131\u011f\u0131 g\u00f6revine atanan Ahmet S\u00f6ker, 2024 Ekim ay\u0131nda ger\u00e7ekle\u015ftirilen AK Parti Serik il\u00e7e kongresi ile bu g\u00f6revine devam etmektedir.<\/p>\n\n\n\n<p>Evli ve iki \u00e7ocuk babas\u0131 olan Ahmet S\u00f6ker, iyi derecede Almanca ve \u0130ngilizce, orta seviyede Rus\u00e7a bilmektedir.<\/p>\n<\/div>\n<\/div>\n\n\n\n<p><\/p>\n","protected":false},"excerpt":{"rendered":"<p>1986 y\u0131l\u0131nda do\u011fan Ahmet S\u00f6ker, ilk ve orta \u00f6\u011frenimini Serik ve Antalya Merkez\u2019de bitirmi\u015f; lise e\u011fitimini yeniden Serik\u2019te alm\u0131\u015ft\u0131r. 2010 y\u0131l\u0131nda Anadolu \u00dcniversitesi \u0130\u015fletme Fak\u00fcltesi\u2019nden mezun olduktan sonra Arel \u00dcniversitesi\u2019nde \u0130\u015fletme Y\u00f6netimi alan\u0131nda y\u00fcksek lisans yapm\u0131\u015f ve 2021 y\u0131l\u0131nda Ni\u015fanta\u015f\u0131 \u00dcniversitesi Optisyenlik b\u00f6l\u00fcm\u00fcnden mezun olmu\u015ftur. Serik\/Belek b\u00f6lgesinde turizm sekt\u00f6r\u00fcnde ma\u011fazas\u0131 i\u015fletmecili\u011fi yapan Ahmet S\u00f6ker, ayn\u0131 [&hellip;]<\/p>\n","protected":false},"author":1,"featured_media":0,"parent":0,"menu_order":0,"comment_status":"closed","ping_status":"closed","template":"page-wide","meta":{"footnotes":""},"class_list":["post-178","page","type-page","status-publish","hentry"],"_links":{"self":[{"href":"https:\/\/ahmetsoker.com.tr\/index.php\/wp-json\/wp\/v2\/pages\/178","targetHints":{"allow":["GET"]}}],"collection":[{"href":"https:\/\/ahmetsoker.com.tr\/index.php\/wp-json\/wp\/v2\/pages"}],"about":[{"href":"https:\/\/ahmetsoker.com.tr\/index.php\/wp-json\/wp\/v2\/types\/page"}],"author":[{"embeddable":true,"href":"https:\/\/ahmetsoker.com.tr\/index.php\/wp-json\/wp\/v2\/users\/1"}],"replies":[{"embeddable":true,"href":"https:\/\/ahmetsoker.com.tr\/index.php\/wp-json\/wp\/v2\/comments?post=178"}],"version-history":[{"count":4,"href":"https:\/\/ahmetsoker.com.tr\/index.php\/wp-json\/wp\/v2\/pages\/178\/revisions"}],"predecessor-version":[{"id":311,"href":"https:\/\/ahmetsoker.com.tr\/index.php\/wp-json\/wp\/v2\/pages\/178\/revisions\/311"}],"wp:attachment":[{"href":"https:\/\/ahmetsoker.com.tr\/index.php\/wp-json\/wp\/v2\/media?parent=178"}],"curies":[{"name":"wp","href":"https:\/\/api.w.org\/{rel}","templated":true}]}}