{"id":141,"date":"2024-11-09T04:02:50","date_gmt":"2024-11-09T01:02:50","guid":{"rendered":"https:\/\/ahmetsoker.com.tr\/?page_id=141"},"modified":"2024-11-12T16:02:28","modified_gmt":"2024-11-12T13:02:28","slug":"haberler","status":"publish","type":"page","link":"https:\/\/ahmetsoker.com.tr\/index.php\/haberler\/","title":{"rendered":"Haberler"},"content":{"rendered":"\n<p>Serik\u2019teki geli\u015fmeleri, te\u015fkilat\u0131m\u0131z\u0131n faaliyetlerini ve g\u00fcncel duyurular\u0131 buradan takip edebilirsiniz. \u0130l\u00e7emize de\u011fer katan her ad\u0131m\u0131 sizlerle payla\u015fmaktan mutluluk duyuyoruz.<\/p>\n\n\n\n<div class=\"wp-block-group alignfull has-global-padding is-layout-constrained wp-container-core-group-is-layout-72190d31 wp-block-group-is-layout-constrained\" style=\"margin-top:0;margin-bottom:0;padding-top:0;padding-right:0;padding-bottom:0;padding-left:0\">\n<div class=\"wp-block-query alignwide is-layout-flow wp-block-query-is-layout-flow\">\n\n\n<div class=\"wp-block-group is-layout-flow wp-block-group-is-layout-flow\" style=\"margin-top:0;margin-bottom:0;padding-top:var(--wp--preset--spacing--50);padding-right:0;padding-bottom:var(--wp--preset--spacing--50);padding-left:0\"><ul class=\"columns-3 alignfull wp-block-post-template is-layout-grid wp-container-core-post-template-is-layout-2d080239 wp-block-post-template-is-layout-grid\"><li class=\"wp-block-post post-249 post type-post status-publish format-standard has-post-thumbnail hentry category-genel\">\n<figure style=\"aspect-ratio:3\/4; padding-bottom:var(--wp--preset--spacing--20);margin-bottom:0;\" class=\"wp-block-post-featured-image\"><a href=\"https:\/\/ahmetsoker.com.tr\/index.php\/2024\/11\/09\/baskan-soker-ve-teskilat-uyeleri-yureklere-dokunuyor\/\" target=\"_self\"  ><img loading=\"lazy\" decoding=\"async\" width=\"1280\" height=\"720\" src=\"https:\/\/ahmetsoker.com.tr\/wp-content\/uploads\/2024\/11\/baskan_soker_ve_teskilat_uyeleri_yureklere_dokunuyor_h9146_cdc34.webp\" class=\"attachment-post-thumbnail size-post-thumbnail wp-post-image\" alt=\"Ba\u015fkan S\u00f6ker ve Te\u015fkilat \u00dcyeleri y\u00fcreklere dokunuyor\" style=\"width:100%;height:100%;object-fit:cover;\" srcset=\"https:\/\/ahmetsoker.com.tr\/wp-content\/uploads\/2024\/11\/baskan_soker_ve_teskilat_uyeleri_yureklere_dokunuyor_h9146_cdc34.webp 1280w, https:\/\/ahmetsoker.com.tr\/wp-content\/uploads\/2024\/11\/baskan_soker_ve_teskilat_uyeleri_yureklere_dokunuyor_h9146_cdc34-300x169.webp 300w, https:\/\/ahmetsoker.com.tr\/wp-content\/uploads\/2024\/11\/baskan_soker_ve_teskilat_uyeleri_yureklere_dokunuyor_h9146_cdc34-1024x576.webp 1024w, https:\/\/ahmetsoker.com.tr\/wp-content\/uploads\/2024\/11\/baskan_soker_ve_teskilat_uyeleri_yureklere_dokunuyor_h9146_cdc34-768x432.webp 768w\" sizes=\"auto, (max-width: 1280px) 100vw, 1280px\" \/><\/a><\/figure>\n\n\n<div class=\"wp-block-group is-vertical is-nowrap is-layout-flex wp-container-core-group-is-layout-97ba36a5 wp-block-group-is-layout-flex\" style=\"margin-top:var(--wp--preset--spacing--20);padding-top:0\"><h2 class=\"wp-block-post-title has-large-font-size wp-container-content-32e3a40d\"><a href=\"https:\/\/ahmetsoker.com.tr\/index.php\/2024\/11\/09\/baskan-soker-ve-teskilat-uyeleri-yureklere-dokunuyor\/\" target=\"_self\" >Ba\u015fkan S\u00f6ker ve Te\u015fkilat \u00dcyeleri y\u00fcreklere dokunuyor<\/a><\/h2>\n\n<div class=\"wp-block-template-part\">\n<div class=\"wp-block-group has-global-padding is-layout-constrained wp-block-group-is-layout-constrained\"><\/div>\n<\/div>\n\n<div class=\"wp-block-post-excerpt has-text-color has-contrast-2-color has-small-font-size wp-container-content-32e3a40d\"><p class=\"wp-block-post-excerpt__excerpt\">AK Parti Seril \u0130l\u00e7e Ba\u015fkan\u0131 Ahmet S\u00f6ker ve te\u015fkilat \u00fcyeleri se\u00e7im \u00e7al\u0131\u015fmalar\u0131 kapsam\u0131nda Karaday\u0131 mahallesinde ziyaretlerde bulundu. 31 Mart tarihinde yap\u0131lacak olan yerel se\u00e7imler \u00f6ncesi bir yandan aday belirleme s\u00fcreci devam ederken te\u015fkilat olarak se\u00e7im \u00e7al\u0131\u015fmalar\u0131na devam ettiklerini dile getiren&nbsp;AK Parti&nbsp;Serik \u0130l\u00e7e ba\u015fkan\u0131&nbsp;Ahmet S\u00f6ker; \u201cTe\u015fkilat \u00fcyesi arkada\u015flar\u0131m\u0131zla birlikte bulg\u00fcn Karaday\u0131 mahallemizde hac\u0131 Salih Delig\u00f6z amcam\u0131z\u0131&hellip; <\/p><\/div>\n\n\n<div style=\"height:0px\" aria-hidden=\"true\" class=\"wp-block-spacer wp-container-content-32e3a40d\"><\/div>\n<\/div>\n\n<\/li><li class=\"wp-block-post post-244 post type-post status-publish format-standard has-post-thumbnail hentry category-genel\">\n<figure style=\"aspect-ratio:3\/4; padding-bottom:var(--wp--preset--spacing--20);margin-bottom:0;\" class=\"wp-block-post-featured-image\"><a href=\"https:\/\/ahmetsoker.com.tr\/index.php\/2024\/11\/09\/ahmet-soker-amacimiz-cumhur-ittifaki-ile-birlikte-antalya-ve-serik-belediyesini-kazanmak\/\" target=\"_self\"  ><img loading=\"lazy\" decoding=\"async\" width=\"727\" height=\"425\" src=\"https:\/\/ahmetsoker.com.tr\/wp-content\/uploads\/2024\/11\/logo-kopya-kopya-58.jpg\" class=\"attachment-post-thumbnail size-post-thumbnail wp-post-image\" alt=\"AHMET S\u00d6KER, \u201cAMACIMIZ CUMHUR \u0130TT\u0130FAKI \u0130LE B\u0130RL\u0130KTE ANTALYA VE SER\u0130K BELED\u0130YES\u0130N\u0130 KAZANMAK\" style=\"width:100%;height:100%;object-fit:cover;\" srcset=\"https:\/\/ahmetsoker.com.tr\/wp-content\/uploads\/2024\/11\/logo-kopya-kopya-58.jpg 727w, https:\/\/ahmetsoker.com.tr\/wp-content\/uploads\/2024\/11\/logo-kopya-kopya-58-300x175.jpg 300w\" sizes=\"auto, (max-width: 727px) 100vw, 727px\" \/><\/a><\/figure>\n\n\n<div class=\"wp-block-group is-vertical is-nowrap is-layout-flex wp-container-core-group-is-layout-97ba36a5 wp-block-group-is-layout-flex\" style=\"margin-top:var(--wp--preset--spacing--20);padding-top:0\"><h2 class=\"wp-block-post-title has-large-font-size wp-container-content-32e3a40d\"><a href=\"https:\/\/ahmetsoker.com.tr\/index.php\/2024\/11\/09\/ahmet-soker-amacimiz-cumhur-ittifaki-ile-birlikte-antalya-ve-serik-belediyesini-kazanmak\/\" target=\"_self\" >AHMET S\u00d6KER, \u201cAMACIMIZ CUMHUR \u0130TT\u0130FAKI \u0130LE B\u0130RL\u0130KTE ANTALYA VE SER\u0130K BELED\u0130YES\u0130N\u0130 KAZANMAK<\/a><\/h2>\n\n<div class=\"wp-block-template-part\">\n<div class=\"wp-block-group has-global-padding is-layout-constrained wp-block-group-is-layout-constrained\"><\/div>\n<\/div>\n\n<div class=\"wp-block-post-excerpt has-text-color has-contrast-2-color has-small-font-size wp-container-content-32e3a40d\"><p class=\"wp-block-post-excerpt__excerpt\">AK Parti Serik te\u015fkilat binas\u0131nda yap\u0131lan toplant\u0131da Ba\u015fkan S\u00f6ker\u2019e AK Parti Serik kad\u0131n Kollar\u0131 Ba\u015fkan\u0131 Esmahan Can, AK Parti Serik Gen\u00e7lik Kollar\u0131 Ba\u015fkan\u0131 \u0130smail Yeken de e\u015flik etti. \u0130l\u00e7e Ba\u015fkanl\u0131\u011f\u0131 atamas\u0131 ile ilgili A\u00e7\u0131klama yapan AK Parti Serik il\u00e7e Ba\u015fkan\u0131 Ahmet S\u00f6ker, yapt\u0131\u011f\u0131 a\u00e7\u0131klamada, \u201cGe\u00e7en hafta malumunuz say\u0131n Cumhurba\u015fkan\u0131m\u0131z\u0131n tensipleri, te\u015fkilat ba\u015fkan\u0131m\u0131z say\u0131n Erkan Kandemir\u2019in&hellip; <\/p><\/div>\n\n\n<div style=\"height:0px\" aria-hidden=\"true\" class=\"wp-block-spacer wp-container-content-32e3a40d\"><\/div>\n<\/div>\n\n<\/li><li class=\"wp-block-post post-234 post type-post status-publish format-standard has-post-thumbnail hentry category-genel\">\n<figure style=\"aspect-ratio:3\/4; padding-bottom:var(--wp--preset--spacing--20);margin-bottom:0;\" class=\"wp-block-post-featured-image\"><a href=\"https:\/\/ahmetsoker.com.tr\/index.php\/2024\/11\/09\/soker-teskilat-varsa-basari-vardir\/\" target=\"_self\"  ><img loading=\"lazy\" decoding=\"async\" width=\"960\" height=\"723\" src=\"https:\/\/ahmetsoker.com.tr\/wp-content\/uploads\/2024\/11\/37BEE854-E82C-447B-8046-2795659ABE89.jpeg\" class=\"attachment-post-thumbnail size-post-thumbnail wp-post-image\" alt=\"S\u00d6KER, \u201cTe\u015fkilat varsa ba\u015far\u0131 vard\u0131r \u201c\" style=\"width:100%;height:100%;object-fit:cover;\" srcset=\"https:\/\/ahmetsoker.com.tr\/wp-content\/uploads\/2024\/11\/37BEE854-E82C-447B-8046-2795659ABE89.jpeg 960w, https:\/\/ahmetsoker.com.tr\/wp-content\/uploads\/2024\/11\/37BEE854-E82C-447B-8046-2795659ABE89-300x226.jpeg 300w, https:\/\/ahmetsoker.com.tr\/wp-content\/uploads\/2024\/11\/37BEE854-E82C-447B-8046-2795659ABE89-768x578.jpeg 768w\" sizes=\"auto, (max-width: 960px) 100vw, 960px\" \/><\/a><\/figure>\n\n\n<div class=\"wp-block-group is-vertical is-nowrap is-layout-flex wp-container-core-group-is-layout-97ba36a5 wp-block-group-is-layout-flex\" style=\"margin-top:var(--wp--preset--spacing--20);padding-top:0\"><h2 class=\"wp-block-post-title has-large-font-size wp-container-content-32e3a40d\"><a href=\"https:\/\/ahmetsoker.com.tr\/index.php\/2024\/11\/09\/soker-teskilat-varsa-basari-vardir\/\" target=\"_self\" >S\u00d6KER, \u201cTe\u015fkilat varsa ba\u015far\u0131 vard\u0131r \u201c<\/a><\/h2>\n\n<div class=\"wp-block-template-part\">\n<div class=\"wp-block-group has-global-padding is-layout-constrained wp-block-group-is-layout-constrained\"><\/div>\n<\/div>\n\n<div class=\"wp-block-post-excerpt has-text-color has-contrast-2-color has-small-font-size wp-container-content-32e3a40d\"><p class=\"wp-block-post-excerpt__excerpt\">AK Parti Serik te\u015fkilat\u0131nda 8. Ola\u011fan kongre \u00f6ncesi delege se\u00e7imleri yap\u0131ld\u0131. AK Parti Serik il\u00e7e ba\u015fkanl\u0131\u011f\u0131 binas\u0131nda yap\u0131lan se\u00e7imlerde kongrede oy kullanacak 400 delege belirlendi. Konuyla ilgili a\u00e7\u0131klama yapan AK Parti Serik \u0130l\u00e7e Ba\u015fkan\u0131 Ahmet S\u00f6ker, \u201c8. Ola\u011fan Kongre \u00f6ncesi Serik il\u00e7e ba\u015fkanl\u0131\u011f\u0131m\u0131zda delege se\u00e7imimizi \u00fcyelerimizin kat\u0131l\u0131m\u0131 ile tamamlam\u0131\u015f bulunmaktay\u0131z. AK Parti\u2019nin b\u00fcy\u00fcd\u00fc\u011f\u00fc, g\u00fc\u00e7lendi\u011fi, kadrolar\u0131n\u0131&hellip; <\/p><\/div>\n\n\n<div style=\"height:0px\" aria-hidden=\"true\" class=\"wp-block-spacer wp-container-content-32e3a40d\"><\/div>\n<\/div>\n\n<\/li><li class=\"wp-block-post post-230 post type-post status-publish format-standard has-post-thumbnail hentry category-genel\">\n<figure style=\"aspect-ratio:3\/4; padding-bottom:var(--wp--preset--spacing--20);margin-bottom:0;\" class=\"wp-block-post-featured-image\"><a href=\"https:\/\/ahmetsoker.com.tr\/index.php\/2024\/11\/09\/ak-parti-antalya-milletvekili-mevlut-cavusoglu-serik-ilcesinde-ziyaretlerde-bulundu\/\" target=\"_self\"  ><img loading=\"lazy\" decoding=\"async\" width=\"1200\" height=\"800\" src=\"https:\/\/ahmetsoker.com.tr\/wp-content\/uploads\/2024\/11\/mevlut-cavusoglu-serik-ilce-baskani-ahmet-sok-3-16678163_amp.webp\" class=\"attachment-post-thumbnail size-post-thumbnail wp-post-image\" alt=\"AK Parti Antalya Milletvekili Mevl\u00fct \u00c7avu\u015fo\u011flu, Serik il\u00e7esinde ziyaretlerde bulundu.\" style=\"width:100%;height:100%;object-fit:cover;\" srcset=\"https:\/\/ahmetsoker.com.tr\/wp-content\/uploads\/2024\/11\/mevlut-cavusoglu-serik-ilce-baskani-ahmet-sok-3-16678163_amp.webp 1200w, https:\/\/ahmetsoker.com.tr\/wp-content\/uploads\/2024\/11\/mevlut-cavusoglu-serik-ilce-baskani-ahmet-sok-3-16678163_amp-300x200.webp 300w, https:\/\/ahmetsoker.com.tr\/wp-content\/uploads\/2024\/11\/mevlut-cavusoglu-serik-ilce-baskani-ahmet-sok-3-16678163_amp-1024x683.webp 1024w, https:\/\/ahmetsoker.com.tr\/wp-content\/uploads\/2024\/11\/mevlut-cavusoglu-serik-ilce-baskani-ahmet-sok-3-16678163_amp-768x512.webp 768w\" sizes=\"auto, (max-width: 1200px) 100vw, 1200px\" \/><\/a><\/figure>\n\n\n<div class=\"wp-block-group is-vertical is-nowrap is-layout-flex wp-container-core-group-is-layout-97ba36a5 wp-block-group-is-layout-flex\" style=\"margin-top:var(--wp--preset--spacing--20);padding-top:0\"><h2 class=\"wp-block-post-title has-large-font-size wp-container-content-32e3a40d\"><a href=\"https:\/\/ahmetsoker.com.tr\/index.php\/2024\/11\/09\/ak-parti-antalya-milletvekili-mevlut-cavusoglu-serik-ilcesinde-ziyaretlerde-bulundu\/\" target=\"_self\" >AK Parti Antalya Milletvekili Mevl\u00fct \u00c7avu\u015fo\u011flu, Serik il\u00e7esinde ziyaretlerde bulundu.<\/a><\/h2>\n\n<div class=\"wp-block-template-part\">\n<div class=\"wp-block-group has-global-padding is-layout-constrained wp-block-group-is-layout-constrained\"><\/div>\n<\/div>\n\n<div class=\"wp-block-post-excerpt has-text-color has-contrast-2-color has-small-font-size wp-container-content-32e3a40d\"><p class=\"wp-block-post-excerpt__excerpt\">\u00c7avu\u015fo\u011flu, AK Parti Serik \u0130l\u00e7e Ba\u015fkanl\u0131\u011f\u0131na atanan Ahmet S\u00f6ker&#8217;i ziyaret ederek, partililerle bir araya geldi. S\u00f6ker&#8217;e hay\u0131rl\u0131 olsun ziyaretinde bulunduklar\u0131n\u0131 ifade eden \u00c7avu\u015fo\u011flu, &#8216;Kendisine te\u015fkilat\u0131m\u0131z ad\u0131na ba\u015far\u0131lar dileriz.&#8217; dedi. Mevl\u00fct \u00c7avu\u015fo\u011flu, partililerle de\u011ferlendirme toplant\u0131s\u0131 yapt\u0131. AK Parti&nbsp;Antalya&nbsp;Milletvekili&nbsp;Mevl\u00fct \u00c7avu\u015fo\u011flu, Serik il\u00e7esinde ziyaretlerde bulundu. \u00c7avu\u015fo\u011flu, AK Parti Serik \u0130l\u00e7e Ba\u015fkanl\u0131\u011f\u0131na atanan Ahmet S\u00f6ker&#8217;i ziyaret ederek, partililerle bir&hellip; <\/p><\/div>\n\n\n<div style=\"height:0px\" aria-hidden=\"true\" class=\"wp-block-spacer wp-container-content-32e3a40d\"><\/div>\n<\/div>\n\n<\/li><li class=\"wp-block-post post-216 post type-post status-publish format-standard has-post-thumbnail hentry category-genel\">\n<figure style=\"aspect-ratio:3\/4; padding-bottom:var(--wp--preset--spacing--20);margin-bottom:0;\" class=\"wp-block-post-featured-image\"><a href=\"https:\/\/ahmetsoker.com.tr\/index.php\/2024\/11\/09\/adnan-baskan-sokeri-ziyaret-etti\/\" target=\"_self\"  ><img loading=\"lazy\" decoding=\"async\" width=\"641\" height=\"380\" src=\"https:\/\/ahmetsoker.com.tr\/wp-content\/uploads\/2024\/11\/adnan-baskan-soker-i-ziyaret-etti-6613.webp\" class=\"attachment-post-thumbnail size-post-thumbnail wp-post-image\" alt=\"Adnan Ba\u015fkan S\u00f6ker&#8217;i ziyaret etti\" style=\"width:100%;height:100%;object-fit:cover;\" srcset=\"https:\/\/ahmetsoker.com.tr\/wp-content\/uploads\/2024\/11\/adnan-baskan-soker-i-ziyaret-etti-6613.webp 641w, https:\/\/ahmetsoker.com.tr\/wp-content\/uploads\/2024\/11\/adnan-baskan-soker-i-ziyaret-etti-6613-300x178.webp 300w\" sizes=\"auto, (max-width: 641px) 100vw, 641px\" \/><\/a><\/figure>\n\n\n<div class=\"wp-block-group is-vertical is-nowrap is-layout-flex wp-container-core-group-is-layout-97ba36a5 wp-block-group-is-layout-flex\" style=\"margin-top:var(--wp--preset--spacing--20);padding-top:0\"><h2 class=\"wp-block-post-title has-large-font-size wp-container-content-32e3a40d\"><a href=\"https:\/\/ahmetsoker.com.tr\/index.php\/2024\/11\/09\/adnan-baskan-sokeri-ziyaret-etti\/\" target=\"_self\" >Adnan Ba\u015fkan S\u00f6ker&#8217;i ziyaret etti<\/a><\/h2>\n\n<div class=\"wp-block-template-part\">\n<div class=\"wp-block-group has-global-padding is-layout-constrained wp-block-group-is-layout-constrained\"><\/div>\n<\/div>\n\n<div class=\"wp-block-post-excerpt has-text-color has-contrast-2-color has-small-font-size wp-container-content-32e3a40d\"><p class=\"wp-block-post-excerpt__excerpt\">Antalyaspor eski bas\u0131n s\u00f6zc\u00fcs\u00fc Avukat Adnan Ba\u015fkan Ak Parti Serik \u0130l\u00e7e Ba\u015fkan\u0131 Ahmet S\u00f6ker\u2019i makam\u0131nda ziyaret etti. S\u00f6ker ziyaret ile ilgili olarak: \u2018 \u0130l\u00e7e te\u015fkilat\u0131m\u0131za nazik ziyaretlerinden dolay\u0131 Avukat Adnan Ba\u015fkan karde\u015fime te\u015fekk\u00fcr ederim\u2019 dedi https:\/\/www.antalyahurses.com\/adnan-baskan-soker-i-ziyaret-etti\/483744 <\/p><\/div>\n\n\n<div style=\"height:0px\" aria-hidden=\"true\" class=\"wp-block-spacer wp-container-content-32e3a40d\"><\/div>\n<\/div>\n\n<\/li><li class=\"wp-block-post post-213 post type-post status-publish format-standard has-post-thumbnail hentry category-genel\">\n<figure style=\"aspect-ratio:3\/4; padding-bottom:var(--wp--preset--spacing--20);margin-bottom:0;\" class=\"wp-block-post-featured-image\"><a href=\"https:\/\/ahmetsoker.com.tr\/index.php\/2024\/11\/09\/ak-parti-serikte-soker-baskan-secildi\/\" target=\"_self\"  ><img loading=\"lazy\" decoding=\"async\" width=\"719\" height=\"410\" src=\"https:\/\/ahmetsoker.com.tr\/wp-content\/uploads\/2024\/11\/670cd6196e7713980d43026f.webp\" class=\"attachment-post-thumbnail size-post-thumbnail wp-post-image\" alt=\"AK Parti Serik&#8217;te S\u00f6ker ba\u015fkan se\u00e7ildi\" style=\"width:100%;height:100%;object-fit:cover;\" srcset=\"https:\/\/ahmetsoker.com.tr\/wp-content\/uploads\/2024\/11\/670cd6196e7713980d43026f.webp 719w, https:\/\/ahmetsoker.com.tr\/wp-content\/uploads\/2024\/11\/670cd6196e7713980d43026f-300x171.webp 300w\" sizes=\"auto, (max-width: 719px) 100vw, 719px\" \/><\/a><\/figure>\n\n\n<div class=\"wp-block-group is-vertical is-nowrap is-layout-flex wp-container-core-group-is-layout-97ba36a5 wp-block-group-is-layout-flex\" style=\"margin-top:var(--wp--preset--spacing--20);padding-top:0\"><h2 class=\"wp-block-post-title has-large-font-size wp-container-content-32e3a40d\"><a href=\"https:\/\/ahmetsoker.com.tr\/index.php\/2024\/11\/09\/ak-parti-serikte-soker-baskan-secildi\/\" target=\"_self\" >AK Parti Serik&#8217;te S\u00f6ker ba\u015fkan se\u00e7ildi<\/a><\/h2>\n\n<div class=\"wp-block-template-part\">\n<div class=\"wp-block-group has-global-padding is-layout-constrained wp-block-group-is-layout-constrained\"><\/div>\n<\/div>\n\n<div class=\"wp-block-post-excerpt has-text-color has-contrast-2-color has-small-font-size wp-container-content-32e3a40d\"><p class=\"wp-block-post-excerpt__excerpt\">Nam\u0131k Kemal KILIN\u00c7\/SER\u0130K, (DHA)- AK PART\u0130 Serik 8. Ola\u011fan Kongresi&#8217;nde tek listeyle yap\u0131lan se\u00e7imde Ahmet S\u00f6ker il\u00e7e ba\u015fkan\u0131 se\u00e7ildi. AK Parti Serik \u0130l\u00e7e Ba\u015fkanl\u0131\u011f\u0131&#8217;n\u0131n 8. Ola\u011fan Kongresi&#8217;ne AK Parti Antalya milletvekilleri Mevl\u00fct \u00c7avu\u015fo\u011flu, Mustafa K\u00f6se, Kemal \u00c7elik, AK Parti MKYK \u00dcyesi Menderes T\u00fcrel, AK Parti \u0130l Ba\u015fkan\u0131 Ali \u00c7etin, muhtarlar, STK ba\u015fkanlar\u0131 ve partililer kat\u0131ld\u0131.&hellip; <\/p><\/div>\n\n\n<div style=\"height:0px\" aria-hidden=\"true\" class=\"wp-block-spacer wp-container-content-32e3a40d\"><\/div>\n<\/div>\n\n<\/li><li class=\"wp-block-post post-211 post type-post status-publish format-standard has-post-thumbnail hentry category-genel\">\n<figure style=\"aspect-ratio:3\/4; padding-bottom:var(--wp--preset--spacing--20);margin-bottom:0;\" class=\"wp-block-post-featured-image\"><a href=\"https:\/\/ahmetsoker.com.tr\/index.php\/2024\/11\/09\/ak-parti-serik-ilce-baskanligina-soker-atandi\/\" target=\"_self\"  ><img loading=\"lazy\" decoding=\"async\" width=\"869\" height=\"477\" src=\"https:\/\/ahmetsoker.com.tr\/wp-content\/uploads\/2024\/11\/6581a4b9ec10bb11f01cf5ad-1.webp\" class=\"attachment-post-thumbnail size-post-thumbnail wp-post-image\" alt=\"AK Parti Serik il\u00e7e ba\u015fkanl\u0131\u011f\u0131na S\u00f6ker atand\u0131\" style=\"width:100%;height:100%;object-fit:cover;\" srcset=\"https:\/\/ahmetsoker.com.tr\/wp-content\/uploads\/2024\/11\/6581a4b9ec10bb11f01cf5ad-1.webp 869w, https:\/\/ahmetsoker.com.tr\/wp-content\/uploads\/2024\/11\/6581a4b9ec10bb11f01cf5ad-1-300x165.webp 300w, https:\/\/ahmetsoker.com.tr\/wp-content\/uploads\/2024\/11\/6581a4b9ec10bb11f01cf5ad-1-768x422.webp 768w\" sizes=\"auto, (max-width: 869px) 100vw, 869px\" \/><\/a><\/figure>\n\n\n<div class=\"wp-block-group is-vertical is-nowrap is-layout-flex wp-container-core-group-is-layout-97ba36a5 wp-block-group-is-layout-flex\" style=\"margin-top:var(--wp--preset--spacing--20);padding-top:0\"><h2 class=\"wp-block-post-title has-large-font-size wp-container-content-32e3a40d\"><a href=\"https:\/\/ahmetsoker.com.tr\/index.php\/2024\/11\/09\/ak-parti-serik-ilce-baskanligina-soker-atandi\/\" target=\"_self\" >AK Parti Serik il\u00e7e ba\u015fkanl\u0131\u011f\u0131na S\u00f6ker atand\u0131<\/a><\/h2>\n\n<div class=\"wp-block-template-part\">\n<div class=\"wp-block-group has-global-padding is-layout-constrained wp-block-group-is-layout-constrained\"><\/div>\n<\/div>\n\n<div class=\"wp-block-post-excerpt has-text-color has-contrast-2-color has-small-font-size wp-container-content-32e3a40d\"><p class=\"wp-block-post-excerpt__excerpt\">Nam\u0131k Kemal KILIN\u00c7\/SER\u0130K, (DHA)- AK PART\u0130 Serik \u0130l\u00e7e Ba\u015fkanl\u0131\u011f\u0131 g\u00f6revine AK Parti Antalya \u0130l Ba\u015fkan Yard\u0131mc\u0131s\u0131 i\u015f insan\u0131 Ahmet S\u00f6ker atand\u0131.Hasan Y\u0131ld\u0131r\u0131m&#8217;\u0131n 31 Mart 2024 tarihinde yap\u0131lacak olan yerel y\u00f6netimler se\u00e7imlerinde Serik Belediye Ba\u015fkan aday adayl\u0131\u011f\u0131 i\u00e7in istifa etmesinin ard\u0131ndan AK Parti \u0130l Ba\u015fkan Yard\u0131mc\u0131s\u0131 i\u015f insan\u0131 Ahmet S\u00f6ker, AK Parti Genel Merkezi taraf\u0131ndan AK&hellip; <\/p><\/div>\n\n\n<div style=\"height:0px\" aria-hidden=\"true\" class=\"wp-block-spacer wp-container-content-32e3a40d\"><\/div>\n<\/div>\n\n<\/li><li class=\"wp-block-post post-207 post type-post status-publish format-standard has-post-thumbnail hentry category-genel\">\n<figure style=\"aspect-ratio:3\/4; padding-bottom:var(--wp--preset--spacing--20);margin-bottom:0;\" class=\"wp-block-post-featured-image\"><a href=\"https:\/\/ahmetsoker.com.tr\/index.php\/2024\/11\/09\/ak-parti-serikte-sokerle-yola-devam\/\" target=\"_self\"  ><img loading=\"lazy\" decoding=\"async\" width=\"748\" height=\"413\" src=\"https:\/\/ahmetsoker.com.tr\/wp-content\/uploads\/2024\/11\/download-2.png\" class=\"attachment-post-thumbnail size-post-thumbnail wp-post-image\" alt=\"AK Parti Serik\u2019te\u00a0 S\u00f6ker\u2019le yola devam\" style=\"width:100%;height:100%;object-fit:cover;\" srcset=\"https:\/\/ahmetsoker.com.tr\/wp-content\/uploads\/2024\/11\/download-2.png 748w, https:\/\/ahmetsoker.com.tr\/wp-content\/uploads\/2024\/11\/download-2-300x166.png 300w\" sizes=\"auto, (max-width: 748px) 100vw, 748px\" \/><\/a><\/figure>\n\n\n<div class=\"wp-block-group is-vertical is-nowrap is-layout-flex wp-container-core-group-is-layout-97ba36a5 wp-block-group-is-layout-flex\" style=\"margin-top:var(--wp--preset--spacing--20);padding-top:0\"><h2 class=\"wp-block-post-title has-large-font-size wp-container-content-32e3a40d\"><a href=\"https:\/\/ahmetsoker.com.tr\/index.php\/2024\/11\/09\/ak-parti-serikte-sokerle-yola-devam\/\" target=\"_self\" >AK Parti Serik\u2019te\u00a0 S\u00f6ker\u2019le yola devam<\/a><\/h2>\n\n<div class=\"wp-block-template-part\">\n<div class=\"wp-block-group has-global-padding is-layout-constrained wp-block-group-is-layout-constrained\"><\/div>\n<\/div>\n\n<div class=\"wp-block-post-excerpt has-text-color has-contrast-2-color has-small-font-size wp-container-content-32e3a40d\"><p class=\"wp-block-post-excerpt__excerpt\">AK Parti Serik 8. Ola\u011fan \u0130l\u00e7e Kongresi\u2019nde mevcut ba\u015fkan Ahmet S\u00f6ker yeniden ba\u015fkan se\u00e7ildi.\u00a0 AK Parti Serik 8. Ola\u011fan \u0130l\u00e7e Kongresi saat 14.00\u2019te Tosuno\u011flu Plaza D\u00fc\u011f\u00fcn Salonu\u2019nda yap\u0131ld\u0131. Kongreye AK Parti Antalya Milletvekilleri Mevl\u00fct \u00c7avu\u015fo\u011flu, Mustafa K\u00f6se, Kemal \u00c7elik, AK Parti MKYK \u00dcyesi Menderes T\u00fcrel, AK Parti \u0130l Ba\u015fkan\u0131 Ali \u00c7etin ve il ve il\u00e7e&hellip; <\/p><\/div>\n\n\n<div style=\"height:0px\" aria-hidden=\"true\" class=\"wp-block-spacer wp-container-content-32e3a40d\"><\/div>\n<\/div>\n\n<\/li><\/ul>\n\n\n<div style=\"margin-top:0;margin-bottom:0;height:var(--wp--preset--spacing--40)\" aria-hidden=\"true\" class=\"wp-block-spacer\"><\/div>\n\n\n<\/div>\n<\/div>\n\n\n\n<div style=\"margin-top:0;margin-bottom:0;height:var(--wp--preset--spacing--10)\" aria-hidden=\"true\" class=\"wp-block-spacer\"><\/div>\n<\/div>\n","protected":false},"excerpt":{"rendered":"<p>Serik\u2019teki geli\u015fmeleri, te\u015fkilat\u0131m\u0131z\u0131n faaliyetlerini ve g\u00fcncel duyurular\u0131 buradan takip edebilirsiniz. \u0130l\u00e7emize de\u011fer katan her ad\u0131m\u0131 sizlerle payla\u015fmaktan mutluluk duyuyoruz.<\/p>\n","protected":false},"author":1,"featured_media":0,"parent":0,"menu_order":0,"comment_status":"closed","ping_status":"closed","template":"page-wide","meta":{"footnotes":""},"class_list":["post-141","page","type-page","status-publish","hentry"],"_links":{"self":[{"href":"https:\/\/ahmetsoker.com.tr\/index.php\/wp-json\/wp\/v2\/pages\/141","targetHints":{"allow":["GET"]}}],"collection":[{"href":"https:\/\/ahmetsoker.com.tr\/index.php\/wp-json\/wp\/v2\/pages"}],"about":[{"href":"https:\/\/ahmetsoker.com.tr\/index.php\/wp-json\/wp\/v2\/types\/page"}],"author":[{"embeddable":true,"href":"https:\/\/ahmetsoker.com.tr\/index.php\/wp-json\/wp\/v2\/users\/1"}],"replies":[{"embeddable":true,"href":"https:\/\/ahmetsoker.com.tr\/index.php\/wp-json\/wp\/v2\/comments?post=141"}],"version-history":[{"count":6,"href":"https:\/\/ahmetsoker.com.tr\/index.php\/wp-json\/wp\/v2\/pages\/141\/revisions"}],"predecessor-version":[{"id":269,"href":"https:\/\/ahmetsoker.com.tr\/index.php\/wp-json\/wp\/v2\/pages\/141\/revisions\/269"}],"wp:attachment":[{"href":"https:\/\/ahmetsoker.com.tr\/index.php\/wp-json\/wp\/v2\/media?parent=141"}],"curies":[{"name":"wp","href":"https:\/\/api.w.org\/{rel}","templated":true}]}}